{"id":2053,"date":"2020-01-04T17:50:19","date_gmt":"2020-01-04T15:50:19","guid":{"rendered":"http:\/\/blog.christoph-kaeppeler.de\/?page_id=2053"},"modified":"2020-11-19T16:15:17","modified_gmt":"2020-11-19T14:15:17","slug":"berger-strasse-notizen","status":"publish","type":"page","link":"https:\/\/blog.christoph-kaeppeler.de\/?page_id=2053","title":{"rendered":"Berger-Stra\u00dfe-Notizen"},"content":{"rendered":"<p><a href=\"http:\/\/blog.christoph-kaeppeler.de\/wp-content\/uploads\/2020\/11\/Google-Maps-Neue-Zaehn-Eichwaldstrasse.jpg\"><img loading=\"lazy\" decoding=\"async\" class=\"alignleft size-full wp-image-2432\" src=\"http:\/\/blog.christoph-kaeppeler.de\/wp-content\/uploads\/2020\/11\/Google-Maps-Neue-Zaehn-Eichwaldstrasse.jpg\" alt=\"\" width=\"997\" height=\"387\" srcset=\"https:\/\/blog.christoph-kaeppeler.de\/wp-content\/uploads\/2020\/11\/Google-Maps-Neue-Zaehn-Eichwaldstrasse.jpg 997w, https:\/\/blog.christoph-kaeppeler.de\/wp-content\/uploads\/2020\/11\/Google-Maps-Neue-Zaehn-Eichwaldstrasse-300x116.jpg 300w, https:\/\/blog.christoph-kaeppeler.de\/wp-content\/uploads\/2020\/11\/Google-Maps-Neue-Zaehn-Eichwaldstrasse-768x298.jpg 768w\" sizes=\"auto, (max-width: 997px) 100vw, 997px\" \/><\/a><\/p>\n<p><em>Eichwaldstra\u00dfe, vor der Hausnummer 18, 19.11.2020, gegen 15:00 Uhr:<\/em><\/p>\n<p>Frau, 70+, am Smartphone:<br \/>\n\u201eJa, die Z\u00e4hn sind jetzt drin.\u201c<br \/>\n(&#8230;)<br \/>\n\u201eAh ja, des hat auch auch viel Geld gekostet!\u201c<br \/>\n(&#8230;)<br \/>\n\u201eGanz einfach zum Rausnehmen.\u201c<\/p>\n<p><em><a href=\"http:\/\/blog.christoph-kaeppeler.de\/wp-content\/uploads\/2020\/02\/Google-Maps-St.-Josef.jpg\"><img loading=\"lazy\" decoding=\"async\" class=\"alignleft size-full wp-image-2128\" src=\"http:\/\/blog.christoph-kaeppeler.de\/wp-content\/uploads\/2020\/02\/Google-Maps-St.-Josef.jpg\" alt=\"\" width=\"977\" height=\"369\" srcset=\"https:\/\/blog.christoph-kaeppeler.de\/wp-content\/uploads\/2020\/02\/Google-Maps-St.-Josef.jpg 977w, https:\/\/blog.christoph-kaeppeler.de\/wp-content\/uploads\/2020\/02\/Google-Maps-St.-Josef-300x113.jpg 300w, https:\/\/blog.christoph-kaeppeler.de\/wp-content\/uploads\/2020\/02\/Google-Maps-St.-Josef-768x290.jpg 768w\" sizes=\"auto, (max-width: 977px) 100vw, 977px\" \/><\/a>Berger Stra\u00dfe, vor St. Josef, 5. Februar 2020, gegen 14:00 Uhr<\/em><\/p>\n<p>Junge, ca. 12 Jahre alt, zu gleichaltrigem M\u00e4dchen:<\/p>\n<p>&#8222;Wei\u00dft Du, diese Mundschutzdinger sind ausverkauft in der Apotheke, mein Vater sagt, &#8218;ohne diese, in viele Leute, wirst du tot!'&#8220;<\/p>\n<p><em><a href=\"http:\/\/blog.christoph-kaeppeler.de\/wp-content\/uploads\/2020\/02\/Google-Maps-Boutique-de-Mike.jpg\"><img loading=\"lazy\" decoding=\"async\" class=\"alignleft size-large wp-image-2123\" src=\"http:\/\/blog.christoph-kaeppeler.de\/wp-content\/uploads\/2020\/02\/Google-Maps-Boutique-de-Mike-1024x487.jpg\" alt=\"\" width=\"680\" height=\"323\" srcset=\"https:\/\/blog.christoph-kaeppeler.de\/wp-content\/uploads\/2020\/02\/Google-Maps-Boutique-de-Mike-1024x487.jpg 1024w, https:\/\/blog.christoph-kaeppeler.de\/wp-content\/uploads\/2020\/02\/Google-Maps-Boutique-de-Mike-300x143.jpg 300w, https:\/\/blog.christoph-kaeppeler.de\/wp-content\/uploads\/2020\/02\/Google-Maps-Boutique-de-Mike-768x365.jpg 768w, https:\/\/blog.christoph-kaeppeler.de\/wp-content\/uploads\/2020\/02\/Google-Maps-Boutique-de-Mike.jpg 1147w\" sizes=\"auto, (max-width: 680px) 100vw, 680px\" \/><\/a><\/em><\/p>\n<p><em>Berger Stra<\/em><em>\u00dfe, in H\u00f6he Boutique de MIKE, 3. Februar 2020, gegen 13:30 Uhr:<\/em><\/p>\n<p>Seniorin zu anderer Seniorin, beide auf dem Weg Richtung U-Bahn H\u00f6henstra\u00dfe:B<\/p>\n<p>&#8222;Zwei Einl\u00e4uf&#8216; &#8211; auf einmal!&#8220;<\/p>\n<p>Andere Seniorin: &#8222;Waaas?!&#8220;<\/p>\n<p><a href=\"http:\/\/blog.christoph-kaeppeler.de\/wp-content\/uploads\/2020\/01\/Google-Maps-Rossmann.jpg\"><img loading=\"lazy\" decoding=\"async\" class=\"alignleft wp-image-2055\" src=\"http:\/\/blog.christoph-kaeppeler.de\/wp-content\/uploads\/2020\/01\/Google-Maps-Rossmann-1024x365.jpg\" alt=\"\" width=\"882\" height=\"315\" srcset=\"https:\/\/blog.christoph-kaeppeler.de\/wp-content\/uploads\/2020\/01\/Google-Maps-Rossmann-1024x365.jpg 1024w, https:\/\/blog.christoph-kaeppeler.de\/wp-content\/uploads\/2020\/01\/Google-Maps-Rossmann-300x107.jpg 300w, https:\/\/blog.christoph-kaeppeler.de\/wp-content\/uploads\/2020\/01\/Google-Maps-Rossmann-768x274.jpg 768w, https:\/\/blog.christoph-kaeppeler.de\/wp-content\/uploads\/2020\/01\/Google-Maps-Rossmann.jpg 1351w\" sizes=\"auto, (max-width: 882px) 100vw, 882px\" \/><\/a><\/p>\n<p><em>Berger Stra\u00dfe, im Rossmann, 4. Januar 2020, gegen 14:25 Uhr:<\/em><\/p>\n<p>\u201eTENA im Blasenschw\u00e4che Regal\u201c<\/p>\n<p>(Werbe-Aufschrift auf dem Warentrenner am Kassenband)<\/p>\n<p><em> <a href=\"http:\/\/blog.christoph-kaeppeler.de\/wp-content\/uploads\/2020\/01\/Google-Maps-Rewe-und-Vodaphone.jpg\"><img loading=\"lazy\" decoding=\"async\" class=\"alignleft wp-image-2058\" src=\"http:\/\/blog.christoph-kaeppeler.de\/wp-content\/uploads\/2020\/01\/Google-Maps-Rewe-und-Vodaphone-1024x362.jpg\" alt=\"\" width=\"939\" height=\"332\" srcset=\"https:\/\/blog.christoph-kaeppeler.de\/wp-content\/uploads\/2020\/01\/Google-Maps-Rewe-und-Vodaphone-1024x362.jpg 1024w, https:\/\/blog.christoph-kaeppeler.de\/wp-content\/uploads\/2020\/01\/Google-Maps-Rewe-und-Vodaphone-300x106.jpg 300w, https:\/\/blog.christoph-kaeppeler.de\/wp-content\/uploads\/2020\/01\/Google-Maps-Rewe-und-Vodaphone-768x272.jpg 768w, https:\/\/blog.christoph-kaeppeler.de\/wp-content\/uploads\/2020\/01\/Google-Maps-Rewe-und-Vodaphone.jpg 1360w\" sizes=\"auto, (max-width: 939px) 100vw, 939px\" \/><\/a><\/em><\/p>\n<p><em>Berger Stra\u00dfe, etwa in H\u00f6he von Vodaphone und O2-Handyl\u00e4den, 13. Dezember 2019, gegen 11:25 Uhr:<\/em><\/p>\n<p>Frau ruft einem Paar von hinten zu, das einige Meter vor ihr geht:<\/p>\n<p>\u201eNicht DER Rewe, wir m\u00fcsse der n\u00e4chste!, Der, der runtergeht!\u201c<\/p>\n<p>(Der Rewe, der \u201eruntergeht\u201c, ist aber der n\u00e4chste. Er ist aber noch nicht so alt, und 100 Meter vorher ist auch ein Rewe, und \u00fcber die H\u00f6henstra\u00dfe r\u00fcber ist nat\u00fcrlich auch bald wieder einer)<\/p>\n<p><em> <a href=\"http:\/\/blog.christoph-kaeppeler.de\/wp-content\/uploads\/2020\/01\/Google-Maps-Bornheimer-Wochenmarkt.jpg\"><img loading=\"lazy\" decoding=\"async\" class=\"alignleft wp-image-2060\" src=\"http:\/\/blog.christoph-kaeppeler.de\/wp-content\/uploads\/2020\/01\/Google-Maps-Bornheimer-Wochenmarkt-1024x340.jpg\" alt=\"\" width=\"831\" height=\"276\" srcset=\"https:\/\/blog.christoph-kaeppeler.de\/wp-content\/uploads\/2020\/01\/Google-Maps-Bornheimer-Wochenmarkt-1024x340.jpg 1024w, https:\/\/blog.christoph-kaeppeler.de\/wp-content\/uploads\/2020\/01\/Google-Maps-Bornheimer-Wochenmarkt-300x100.jpg 300w, https:\/\/blog.christoph-kaeppeler.de\/wp-content\/uploads\/2020\/01\/Google-Maps-Bornheimer-Wochenmarkt-768x255.jpg 768w, https:\/\/blog.christoph-kaeppeler.de\/wp-content\/uploads\/2020\/01\/Google-Maps-Bornheimer-Wochenmarkt-1380x459.jpg 1380w, https:\/\/blog.christoph-kaeppeler.de\/wp-content\/uploads\/2020\/01\/Google-Maps-Bornheimer-Wochenmarkt.jpg 1402w\" sizes=\"auto, (max-width: 831px) 100vw, 831px\" \/><\/a><\/em><\/p>\n<p><em>Bornheimer Wochenmarkt, zwischen Blumen- und Kartoffel-Stand, Samstag, 19.10.2019, gegen 13:15<\/em><\/p>\n<p>\u00c4lterer, dickerer, gef\u00fchlt rotk\u00f6pfiger Mann schimpft laut:<\/p>\n<p>\u201eBleibt die bl\u00f6de Kuh mit ihrem Schei\u00dfwagen mitten im Weg stehen und h\u00e4lt alles auf!\u201c<\/p>\n<p>Dr\u00e4ngelt sich vorbei (wer die \u201ebl\u00f6de Kuh\u201c mit Rollator war, habe ich nicht gesehen), schimpft, sp\u00fcrbar in keiner wichtigen Mission unterwegs, weiter und verschwindet im Fortgang des Marktes Richtung Saalburgstra\u00dfe.<\/p>\n<p><a href=\"http:\/\/blog.christoph-kaeppeler.de\/wp-content\/uploads\/2020\/01\/Google-Maps-Zeiss.jpg\"><img loading=\"lazy\" decoding=\"async\" class=\"alignleft wp-image-2062\" src=\"http:\/\/blog.christoph-kaeppeler.de\/wp-content\/uploads\/2020\/01\/Google-Maps-Zeiss-1024x380.jpg\" alt=\"\" width=\"840\" height=\"311\" srcset=\"https:\/\/blog.christoph-kaeppeler.de\/wp-content\/uploads\/2020\/01\/Google-Maps-Zeiss-1024x380.jpg 1024w, https:\/\/blog.christoph-kaeppeler.de\/wp-content\/uploads\/2020\/01\/Google-Maps-Zeiss-300x111.jpg 300w, https:\/\/blog.christoph-kaeppeler.de\/wp-content\/uploads\/2020\/01\/Google-Maps-Zeiss-768x285.jpg 768w, https:\/\/blog.christoph-kaeppeler.de\/wp-content\/uploads\/2020\/01\/Google-Maps-Zeiss.jpg 1170w\" sizes=\"auto, (max-width: 840px) 100vw, 840px\" \/><\/a><\/p>\n<p><em>Metzgerei Erich Zeiss, Samstag, 19.10.2019, gegen 13 Uhr.<\/em><\/p>\n<p>\u00c4lterer Mann, muffelig, murmelt:<\/p>\n<p>\u201eHabbe se Hackbraten?\u201c<\/p>\n<p>Resolute, j\u00fcngere Verk\u00e4uferin:<\/p>\n<p>\u201eNein, wir haben keinen Hackbraten. Der n\u00e4chste, bitte!\u201c<\/p>\n<p>Muffel-Bernemer verl\u00e4sst Metzgerei und murmelt schimpfend drau\u00dfen weiter unverst\u00e4ndlich vor sich hin.<\/p>\n<p><em> <a href=\"http:\/\/blog.christoph-kaeppeler.de\/wp-content\/uploads\/2020\/01\/Google-Maps-LTour-und-Sushi-Circle.jpg\"><img loading=\"lazy\" decoding=\"async\" class=\"alignleft size-full wp-image-2064\" src=\"http:\/\/blog.christoph-kaeppeler.de\/wp-content\/uploads\/2020\/01\/Google-Maps-LTour-und-Sushi-Circle.jpg\" alt=\"\" width=\"976\" height=\"375\" srcset=\"https:\/\/blog.christoph-kaeppeler.de\/wp-content\/uploads\/2020\/01\/Google-Maps-LTour-und-Sushi-Circle.jpg 976w, https:\/\/blog.christoph-kaeppeler.de\/wp-content\/uploads\/2020\/01\/Google-Maps-LTour-und-Sushi-Circle-300x115.jpg 300w, https:\/\/blog.christoph-kaeppeler.de\/wp-content\/uploads\/2020\/01\/Google-Maps-LTour-und-Sushi-Circle-768x295.jpg 768w\" sizes=\"auto, (max-width: 976px) 100vw, 976px\" \/><\/a><\/em><\/p>\n<p><em>Berger Stra\u00dfe, irgendwo zwischen Sushi Circle und L\u2019tur, 22.03.2014<\/em><\/p>\n<p>Kompakte Frau zur anderen beim Gehen:<\/p>\n<p>\u201eSo\u2019n Fettgeschwulst, das kommt jetzt wieder. Das habe ich mir mal wegmachen lassen.\u201c<\/p>\n<p>&nbsp;<\/p>\n<p>(wird fortgesetzt)<\/p>\n<p>&nbsp;<\/p>\n<p>&nbsp;<\/p>\n<div class=\"shariff shariff-align-left shariff-widget-align-left\" data-services=\"facebook\" data-url=\"https:\/\/blog.christoph-kaeppeler.de\/?page_id=2053\" data-timestamp=\"1605802517\" data-hidezero=\"1\" data-backendurl=\"?rest_route=\/shariff\/v1\/share_counts&\"><ul class=\"shariff-buttons theme-default orientation-horizontal buttonsize-medium\"><li class=\"shariff-button mastodon shariff-nocustomcolor\" style=\"background-color:#563ACC\"><a href=\"https:\/\/s2f.kytta.dev\/?text=Berger-Stra%C3%9Fe-Notizen https%3A%2F%2Fblog.christoph-kaeppeler.de%2F%3Fpage_id%3D2053 via @CKaeppeler@social.cologne\" title=\"Bei Mastodon teilen\" aria-label=\"Bei Mastodon teilen\" role=\"button\" rel=\"noopener nofollow\" class=\"shariff-link\" style=\"; background-color:#6364FF; color:#fff\" target=\"_blank\"><span class=\"shariff-icon\" style=\"\"><svg width=\"75\" height=\"79\" viewBox=\"0 0 75 79\" fill=\"none\" xmlns=\"http:\/\/www.w3.org\/2000\/svg\"><path d=\"M37.813-.025C32.462-.058 27.114.13 21.79.598c-8.544.621-17.214 5.58-20.203 13.931C-1.12 23.318.408 32.622.465 41.65c.375 7.316.943 14.78 3.392 21.73 4.365 9.465 14.781 14.537 24.782 15.385 7.64.698 15.761-.213 22.517-4.026a54.1 54.1 0 0 0 .01-6.232c-6.855 1.316-14.101 2.609-21.049 1.074-3.883-.88-6.876-4.237-7.25-8.215-1.53-3.988 3.78-.43 5.584-.883 9.048 1.224 18.282.776 27.303-.462 7.044-.837 14.26-4.788 16.65-11.833 2.263-6.135 1.215-12.79 1.698-19.177.06-3.84.09-7.692-.262-11.52C72.596 7.844 63.223.981 53.834.684a219.453 219.453 0 0 0-16.022-.71zm11.294 12.882c5.5-.067 10.801 4.143 11.67 9.653.338 1.48.471 3 .471 4.515v21.088h-8.357c-.07-7.588.153-15.182-.131-22.765-.587-4.368-7.04-5.747-9.672-2.397-2.422 3.04-1.47 7.155-1.67 10.735v6.392h-8.307c-.146-4.996.359-10.045-.404-15.002-1.108-4.218-7.809-5.565-10.094-1.666-1.685 3.046-.712 6.634-.976 9.936v14.767h-8.354c.109-8.165-.238-16.344.215-24.5.674-5.346 5.095-10.389 10.676-10.627 4.902-.739 10.103 2.038 12.053 6.631.375 1.435 1.76 1.932 1.994.084 1.844-3.704 5.501-6.739 9.785-6.771.367-.044.735-.068 1.101-.073z\"\/><defs><linearGradient id=\"paint0_linear_549_34\" x1=\"37.0692\" y1=\"0\" x2=\"37.0692\" y2=\"79\" gradientUnits=\"userSpaceOnUse\"><stop stop-color=\"#6364FF\"\/><stop offset=\"1\" stop-color=\"#563ACC\"\/><\/linearGradient><\/defs><\/svg><\/span><span class=\"shariff-text\">teilen<\/span>&nbsp;<\/a><\/li><li class=\"shariff-button bluesky shariff-nocustomcolor\" style=\"background-color:#84c4ff\"><a href=\"https:\/\/bsky.app\/intent\/compose?text=Berger-Stra%C3%9Fe-Notizen https%3A%2F%2Fblog.christoph-kaeppeler.de%2F%3Fpage_id%3D2053 \" title=\"Bei Bluesky teilen\" aria-label=\"Bei Bluesky teilen\" role=\"button\" rel=\"noopener nofollow\" class=\"shariff-link\" style=\"; background-color:#0085ff; color:#fff\" target=\"_blank\"><span class=\"shariff-icon\" style=\"\"><svg width=\"20\" height=\"20\" version=\"1.1\" xmlns=\"http:\/\/www.w3.org\/2000\/svg\" viewBox=\"0 0 20 20\"><path class=\"st0\" d=\"M4.89,3.12c2.07,1.55,4.3,4.71,5.11,6.4.82-1.69,3.04-4.84,5.11-6.4,1.49-1.12,3.91-1.99,3.91.77,0,.55-.32,4.63-.5,5.3-.64,2.3-2.99,2.89-5.08,2.54,3.65.62,4.58,2.68,2.57,4.74-3.81,3.91-5.48-.98-5.9-2.23-.08-.23-.11-.34-.12-.25,0-.09-.04.02-.12.25-.43,1.25-2.09,6.14-5.9,2.23-2.01-2.06-1.08-4.12,2.57-4.74-2.09.36-4.44-.23-5.08-2.54-.19-.66-.5-4.74-.5-5.3,0-2.76,2.42-1.89,3.91-.77h0Z\"\/><\/svg><\/span><span class=\"shariff-text\">teilen<\/span>&nbsp;<\/a><\/li><li class=\"shariff-button twitter shariff-nocustomcolor\" style=\"background-color:#595959\"><a href=\"https:\/\/twitter.com\/share?url=https%3A%2F%2Fblog.christoph-kaeppeler.de%2F%3Fpage_id%3D2053&text=Berger-Stra%C3%9Fe-Notizen&via=CKaeppeler\" title=\"Bei X teilen\" aria-label=\"Bei X teilen\" role=\"button\" rel=\"noopener nofollow\" class=\"shariff-link\" style=\"; background-color:#000; color:#fff\" target=\"_blank\"><span class=\"shariff-icon\" style=\"\"><svg width=\"32px\" height=\"20px\" xmlns=\"http:\/\/www.w3.org\/2000\/svg\" viewBox=\"0 0 24 24\"><path fill=\"#000\" d=\"M14.258 10.152L23.176 0h-2.113l-7.747 8.813L7.133 0H0l9.352 13.328L0 23.973h2.113l8.176-9.309 6.531 9.309h7.133zm-2.895 3.293l-.949-1.328L2.875 1.56h3.246l6.086 8.523.945 1.328 7.91 11.078h-3.246zm0 0\"\/><\/svg><\/span><span class=\"shariff-text\">teilen<\/span>&nbsp;<\/a><\/li><li class=\"shariff-button facebook shariff-nocustomcolor\" style=\"background-color:#4273c8\"><a href=\"https:\/\/www.facebook.com\/sharer\/sharer.php?u=https%3A%2F%2Fblog.christoph-kaeppeler.de%2F%3Fpage_id%3D2053\" title=\"Bei Facebook teilen\" aria-label=\"Bei Facebook teilen\" role=\"button\" rel=\"nofollow\" class=\"shariff-link\" style=\"; background-color:#3b5998; color:#fff\" target=\"_blank\"><span class=\"shariff-icon\" style=\"\"><svg width=\"32px\" height=\"20px\" xmlns=\"http:\/\/www.w3.org\/2000\/svg\" viewBox=\"0 0 18 32\"><path fill=\"#3b5998\" d=\"M17.1 0.2v4.7h-2.8q-1.5 0-2.1 0.6t-0.5 1.9v3.4h5.2l-0.7 5.3h-4.5v13.6h-5.5v-13.6h-4.5v-5.3h4.5v-3.9q0-3.3 1.9-5.2t5-1.8q2.6 0 4.1 0.2z\"\/><\/svg><\/span><span class=\"shariff-text\">teilen<\/span>&nbsp;<span data-service=\"facebook\" style=\"color:#3b5998\" class=\"shariff-count shariff-hidezero\"><\/span>&nbsp;<\/a><\/li><li class=\"shariff-button whatsapp shariff-nocustomcolor\" style=\"background-color:#5cbe4a\"><a href=\"https:\/\/api.whatsapp.com\/send?text=https%3A%2F%2Fblog.christoph-kaeppeler.de%2F%3Fpage_id%3D2053%20Berger-Stra%C3%9Fe-Notizen\" title=\"Bei Whatsapp teilen\" aria-label=\"Bei Whatsapp teilen\" role=\"button\" rel=\"noopener nofollow\" class=\"shariff-link\" style=\"; background-color:#34af23; color:#fff\" target=\"_blank\"><span class=\"shariff-icon\" style=\"\"><svg width=\"32px\" height=\"20px\" xmlns=\"http:\/\/www.w3.org\/2000\/svg\" viewBox=\"0 0 32 32\"><path fill=\"#34af23\" d=\"M17.6 17.4q0.2 0 1.7 0.8t1.6 0.9q0 0.1 0 0.3 0 0.6-0.3 1.4-0.3 0.7-1.3 1.2t-1.8 0.5q-1 0-3.4-1.1-1.7-0.8-3-2.1t-2.6-3.3q-1.3-1.9-1.3-3.5v-0.1q0.1-1.6 1.3-2.8 0.4-0.4 0.9-0.4 0.1 0 0.3 0t0.3 0q0.3 0 0.5 0.1t0.3 0.5q0.1 0.4 0.6 1.6t0.4 1.3q0 0.4-0.6 1t-0.6 0.8q0 0.1 0.1 0.3 0.6 1.3 1.8 2.4 1 0.9 2.7 1.8 0.2 0.1 0.4 0.1 0.3 0 1-0.9t0.9-0.9zM14 26.9q2.3 0 4.3-0.9t3.6-2.4 2.4-3.6 0.9-4.3-0.9-4.3-2.4-3.6-3.6-2.4-4.3-0.9-4.3 0.9-3.6 2.4-2.4 3.6-0.9 4.3q0 3.6 2.1 6.6l-1.4 4.2 4.3-1.4q2.8 1.9 6.2 1.9zM14 2.2q2.7 0 5.2 1.1t4.3 2.9 2.9 4.3 1.1 5.2-1.1 5.2-2.9 4.3-4.3 2.9-5.2 1.1q-3.5 0-6.5-1.7l-7.4 2.4 2.4-7.2q-1.9-3.2-1.9-6.9 0-2.7 1.1-5.2t2.9-4.3 4.3-2.9 5.2-1.1z\"\/><\/svg><\/span><span class=\"shariff-text\">teilen<\/span>&nbsp;<\/a><\/li><li class=\"shariff-button threema shariff-nocustomcolor shariff-mobile\" style=\"background-color:#4fbc24\"><a href=\"threema:\/\/compose?text=Berger-Stra%C3%9Fe-Notizen%20https%3A%2F%2Fblog.christoph-kaeppeler.de%2F%3Fpage_id%3D2053\" title=\"Bei Threema teilen\" aria-label=\"Bei Threema teilen\" role=\"button\" rel=\"noopener nofollow\" class=\"shariff-link\" style=\"; background-color:#1f1f1f; color:#fff\" target=\"_blank\"><span class=\"shariff-icon\" style=\"\"><svg width=\"32px\" height=\"20px\" xmlns=\"http:\/\/www.w3.org\/2000\/svg\" viewBox=\"0 0 32 32\"><path fill=\"#1f1f1f\" d=\"M30.8 10.9c-0.3-1.4-0.9-2.6-1.8-3.8-2-2.6-5.5-4.5-9.4-5.2-1.3-0.2-1.9-0.3-3.5-0.3s-2.2 0-3.5 0.3c-4 0.7-7.4 2.6-9.4 5.2-0.9 1.2-1.5 2.4-1.8 3.8-0.1 0.5-0.2 1.2-0.2 1.6 0 0.4 0.1 1.1 0.2 1.6 0.4 1.9 1.3 3.4 2.9 5 0.8 0.8 0.8 0.8 0.7 1.3 0 0.6-0.5 1.6-1.7 3.6-0.3 0.5-0.5 0.9-0.5 0.9 0 0.1 0.1 0.1 0.5 0 0.8-0.2 2.3-0.6 5.6-1.6 1.1-0.3 1.3-0.4 2.3-0.4 0.8 0 1.1 0 2.3 0.2 1.5 0.2 3.5 0.2 4.9 0 5.1-0.6 9.3-2.9 11.4-6.3 0.5-0.9 0.9-1.8 1.1-2.8 0.1-0.5 0.2-1.1 0.2-1.6 0-0.7-0.1-1.1-0.2-1.6-0.3-1.4 0.1 0.5 0 0zM20.6 17.3c0 0.4-0.4 0.8-0.8 0.8h-7.7c-0.4 0-0.8-0.4-0.8-0.8v-4.6c0-0.4 0.4-0.8 0.8-0.8h0.2l0-1.6c0-0.9 0-1.8 0.1-2 0.1-0.6 0.6-1.2 1.1-1.7s1.1-0.7 1.9-0.8c1.8-0.3 3.7 0.7 4.2 2.2 0.1 0.3 0.1 0.7 0.1 2.1v0 1.7h0.1c0.4 0 0.8 0.4 0.8 0.8v4.6zM15.6 7.3c-0.5 0.1-0.8 0.3-1.2 0.6s-0.6 0.8-0.7 1.3c0 0.2 0 0.8 0 1.5l0 1.2h4.6v-1.3c0-1 0-1.4-0.1-1.6-0.3-1.1-1.5-1.9-2.6-1.7zM25.8 28.2c0 1.2-1 2.2-2.1 2.2s-2.1-1-2.1-2.1c0-1.2 1-2.1 2.2-2.1s2.2 1 2.2 2.2zM18.1 28.2c0 1.2-1 2.2-2.1 2.2s-2.1-1-2.1-2.1c0-1.2 1-2.1 2.2-2.1s2.2 1 2.2 2.2zM10.4 28.2c0 1.2-1 2.2-2.1 2.2s-2.1-1-2.1-2.1c0-1.2 1-2.1 2.2-2.1s2.2 1 2.2 2.2z\"\/><\/svg><\/span><span class=\"shariff-text\">teilen<\/span>&nbsp;<\/a><\/li><li class=\"shariff-button info shariff-nocustomcolor\" style=\"background-color:#eee\"><a href=\"http:\/\/ct.de\/-2467514\" title=\"Weitere Informationen\" aria-label=\"Weitere Informationen\" role=\"button\" rel=\"noopener \" class=\"shariff-link\" style=\"; background-color:#fff; color:#fff\" target=\"_blank\"><span class=\"shariff-icon\" style=\"\"><svg width=\"32px\" height=\"20px\" xmlns=\"http:\/\/www.w3.org\/2000\/svg\" viewBox=\"0 0 11 32\"><path fill=\"#999\" d=\"M11.4 24v2.3q0 0.5-0.3 0.8t-0.8 0.4h-9.1q-0.5 0-0.8-0.4t-0.4-0.8v-2.3q0-0.5 0.4-0.8t0.8-0.4h1.1v-6.8h-1.1q-0.5 0-0.8-0.4t-0.4-0.8v-2.3q0-0.5 0.4-0.8t0.8-0.4h6.8q0.5 0 0.8 0.4t0.4 0.8v10.3h1.1q0.5 0 0.8 0.4t0.3 0.8zM9.2 3.4v3.4q0 0.5-0.4 0.8t-0.8 0.4h-4.6q-0.4 0-0.8-0.4t-0.4-0.8v-3.4q0-0.4 0.4-0.8t0.8-0.4h4.6q0.5 0 0.8 0.4t0.4 0.8z\"\/><\/svg><\/span><\/a><\/li><li class=\"shariff-button mailto shariff-nocustomcolor\" style=\"background-color:#a8a8a8\"><a href=\"mailto:?body=https%3A%2F%2Fblog.christoph-kaeppeler.de%2F%3Fpage_id%3D2053&subject=Berger-Stra%C3%9Fe-Notizen\" title=\"Per E-Mail versenden\" aria-label=\"Per E-Mail versenden\" role=\"button\" rel=\"noopener nofollow\" class=\"shariff-link\" style=\"; background-color:#999; color:#fff\"><span class=\"shariff-icon\" style=\"\"><svg width=\"32px\" height=\"20px\" xmlns=\"http:\/\/www.w3.org\/2000\/svg\" viewBox=\"0 0 32 32\"><path fill=\"#999\" d=\"M32 12.7v14.2q0 1.2-0.8 2t-2 0.9h-26.3q-1.2 0-2-0.9t-0.8-2v-14.2q0.8 0.9 1.8 1.6 6.5 4.4 8.9 6.1 1 0.8 1.6 1.2t1.7 0.9 2 0.4h0.1q0.9 0 2-0.4t1.7-0.9 1.6-1.2q3-2.2 8.9-6.1 1-0.7 1.8-1.6zM32 7.4q0 1.4-0.9 2.7t-2.2 2.2q-6.7 4.7-8.4 5.8-0.2 0.1-0.7 0.5t-1 0.7-0.9 0.6-1.1 0.5-0.9 0.2h-0.1q-0.4 0-0.9-0.2t-1.1-0.5-0.9-0.6-1-0.7-0.7-0.5q-1.6-1.1-4.7-3.2t-3.6-2.6q-1.1-0.7-2.1-2t-1-2.5q0-1.4 0.7-2.3t2.1-0.9h26.3q1.2 0 2 0.8t0.9 2z\"\/><\/svg><\/span><span class=\"shariff-text\">E-Mail<\/span>&nbsp;<\/a><\/li><\/ul><\/div>","protected":false},"excerpt":{"rendered":"<p>Eichwaldstra\u00dfe, vor der Hausnummer 18, 19.11.2020, gegen 15:00 Uhr: Frau, 70+, am Smartphone: \u201eJa, die Z\u00e4hn sind jetzt drin.\u201c (&#8230;) \u201eAh ja, des hat auch auch viel Geld gekostet!\u201c (&#8230;) \u201eGanz einfach zum Rausnehmen.\u201c Berger Stra\u00dfe, vor St. Josef, 5. Februar 2020, gegen 14:00 Uhr Junge, ca. 12 Jahre alt, zu gleichaltrigem M\u00e4dchen: &#8222;Wei\u00dft Du,&hellip;<a href=\"https:\/\/blog.christoph-kaeppeler.de\/?page_id=2053\">Weiterlesen <span class=\"screen-reader-text\">Berger-Stra\u00dfe-Notizen<\/span><\/a><\/p>\n","protected":false},"author":1,"featured_media":0,"parent":0,"menu_order":0,"comment_status":"closed","ping_status":"closed","template":"","meta":{"jetpack_post_was_ever_published":false,"footnotes":""},"class_list":["post-2053","page","type-page","status-publish","hentry"],"jetpack_sharing_enabled":true,"jetpack_shortlink":"https:\/\/wp.me\/PaPoVr-x7","jetpack-related-posts":[],"_links":{"self":[{"href":"https:\/\/blog.christoph-kaeppeler.de\/index.php?rest_route=\/wp\/v2\/pages\/2053","targetHints":{"allow":["GET"]}}],"collection":[{"href":"https:\/\/blog.christoph-kaeppeler.de\/index.php?rest_route=\/wp\/v2\/pages"}],"about":[{"href":"https:\/\/blog.christoph-kaeppeler.de\/index.php?rest_route=\/wp\/v2\/types\/page"}],"author":[{"embeddable":true,"href":"https:\/\/blog.christoph-kaeppeler.de\/index.php?rest_route=\/wp\/v2\/users\/1"}],"replies":[{"embeddable":true,"href":"https:\/\/blog.christoph-kaeppeler.de\/index.php?rest_route=%2Fwp%2Fv2%2Fcomments&post=2053"}],"version-history":[{"count":15,"href":"https:\/\/blog.christoph-kaeppeler.de\/index.php?rest_route=\/wp\/v2\/pages\/2053\/revisions"}],"predecessor-version":[{"id":2435,"href":"https:\/\/blog.christoph-kaeppeler.de\/index.php?rest_route=\/wp\/v2\/pages\/2053\/revisions\/2435"}],"wp:attachment":[{"href":"https:\/\/blog.christoph-kaeppeler.de\/index.php?rest_route=%2Fwp%2Fv2%2Fmedia&parent=2053"}],"curies":[{"name":"wp","href":"https:\/\/api.w.org\/{rel}","templated":true}]}}