{"id":1947,"date":"2019-10-04T16:06:16","date_gmt":"2019-10-04T14:06:16","guid":{"rendered":"http:\/\/blog.christoph-kaeppeler.de\/?page_id=1947"},"modified":"2019-10-04T16:48:33","modified_gmt":"2019-10-04T14:48:33","slug":"bertolt-brechts-legendaerer-unfall-bei-fulda","status":"publish","type":"page","link":"https:\/\/blog.christoph-kaeppeler.de\/?page_id=1947","title":{"rendered":"Bertolt Brechts legend\u00e4rer &#8222;Unfall bei Fulda&#8220;"},"content":{"rendered":"<p><em>Radiobeitrag von Christoph K\u00e4ppeler am 10. Februar 1998<\/em><\/p>\n<p><strong>&#8222;Infolge der wohltuenden Wirkung auf die Nerven finden wir gerade unter den Gehirnarbeitern enthusiastische Anh\u00e4nger des Motorwagens.&#8220; Das war 1909 in <a href=\"http:\/\/www.zeno.org\/Meyers-1905\/A\/Motorwagen\" target=\"_blank\" rel=\"noopener noreferrer\">Meyers Gro\u00dfem Konversations-Lexikon<\/a> zu lesen. Und auch Bertolt Brecht, der heute vor 100 Jahren geboren wurde, war ein begeisterter Automobilist. Und deshalb darf man, gedenkt man des gro\u00dfen deutschen Dichters und Dramatikers, nicht den legend\u00e4ren \u201eUnfall bei Fulda\u201c vergessen. Der geschah 1928 oder 1929, und diente, so wie wir uns seit letztem Jahr verst\u00e4rkt mit dem Ph\u00e4nomen des Tunnelunfalls befassen, damals als Lehrbeispiel f\u00fcr die Verkehrserziehung; und leichte literarische Spuren in Brechts Werk hinterlie\u00df er auch.<br \/>\n<\/strong><\/p>\n<p>Wohin fuhr er wohl damals, der Bertolt Brecht? Nach Augsburg, um sein Elternhaus zu besuchen? Wollte der drei\u00dfigj\u00e4hrige Dichter in Frankfurt etwas erledigen? Zur\u00fcck nach Berlin? Naja, jedenfalls war er gerade in der N\u00e4he von Fulda. Um diese Stadt, Symbol des katholischen Klerikalismus, machte Brecht, der 1924 begonnen hatte, den Marxismus zu studieren, nat\u00fcrlich einen Bogen &#8211; Schlie\u00dflich <a href=\"https:\/\/taz.de\/!1601649\/\" target=\"_blank\" rel=\"noopener noreferrer\">soll August Bebel gesagt haben<\/a>: \u201eWenn in Fulda einmal die roten Fahnen wehn, dann hat in Deutschland der Sozialismus gesiegt\u201c. Brecht und die Domstadt &#8211; das ging nicht zusammen, und so geschah der Unfall nicht <em>in<\/em>, sondern <em>bei<\/em> Fulda.<\/p>\n<p>Da\u00df er Marxist war; und gerade die Dreigroschenoper geschrieben hatte, hatte Brecht nicht daran gehindert, sich sein Gef\u00e4hrt bei der \u00f6sterreichischen Firma Steyr AG durch ein Werbegedicht zu erschreiben &#8211; <a href=\"https:\/\/books.google.de\/books?id=Drsw3uD6ea0C&amp;pg=PA294&amp;lpg=PA294&amp;dq=Wir+haben:+Sechs+Zylinder+und+drei%C3%9Fig+Pferdekr%C3%A4fte.+...+Wir+liegen+in+der+Kurve+wie+Klebestreifen.+Unser+Motor+ist:+Ein+denkendes+Erz.&amp;source=bl&amp;ots=GDrnLDu-8G&amp;sig=ACfU3U09NBWpQ_SckHSfSNZ99Hx5wZAsww&amp;hl=de&amp;sa=X&amp;ved=2ahUKEwj0srW50ILlAhUSY1AKHX6WAII4ChDoATAAegQICRAB#v=onepage&amp;q=Wir%20haben%3A%20Sechs%20Zylinder%20und%20drei%C3%9Fig%20Pferdekr%C3%A4fte.%20...%20Wir%20liegen%20in%20der%20Kurve%20wie%20Klebestreifen.%20Unser%20Motor%20ist%3A%20Ein%20denkendes%20Erz.&amp;f=false\" target=\"_blank\" rel=\"noopener noreferrer\">er besang<\/a> die sechs Zylinder, die 30 Pferdest\u00e4rken und die 22 Zentner der Steyrw\u00e4gen. Und bekam daf\u00fcr ein nagelneues Auto spendiert.<\/p>\n<p>In dem, einem schicken Kabrio, war er nun mit halsbrecherischen 70 Stundenkilometern unterwegs. Pl\u00f6tzlich scho\u00df hinter einem entgegenkommenden Lastwagen ein Auto hervor, um zu \u00fcberholen, und scho\u00df auf Brecht zu. Sollte das das vorzeitige Ende des Erfinders des epischen Theaters sein? Nach links konnte er nicht ausweichen &#8211; da kam ihm der LKW entgegen. Rechts standen B\u00e4ume, und hinter diesen B\u00e4umen fiel die Stra\u00dfe ungef\u00e4hr f\u00fcnf Meter in einer B\u00f6schung ab. Wenn er die hinabf\u00fchre, w\u00fcrde er sich mehrmals \u00fcberschlagen. Brecht wich also nach rechts aus, dabei aber bremste er geschickt mehrmals kurz und stark hintereinander und fuhr schlie\u00dflich auf den n\u00e4chsten erreichbaren Baum auf. Es gelang ihm, genau mit der Mitte des K\u00fchlers den Baum zu treffen und so den Wagen aufzufangen. Der K\u00fchler zerbrach, er bog sich ringf\u00f6rmig um den Baum, aber: der Wagen war gestoppt. Der sp\u00e4tere Dichter der \u201eMutter Courage\u201c <a href=\"https:\/\/www.spiegel.de\/spiegel\/print\/d-9115038.html\" target=\"_blank\" rel=\"noopener noreferrer\">brach sich eine Kniescheibe<\/a> &#8211; blieb aber ansonsten heil.<\/p>\n<p>Nur: Das sch\u00f6ne Auto war Schrott. Was nun?<\/p>\n<p>Schon 1909 hatte doch Dr. Franz Kafka, damals Praktikant bei der Arbeiterversicherungsanstalt B\u00f6hmen, <a href=\"http:\/\/litterapur.de\/schrott\/schrott2.htm\" target=\"_blank\" rel=\"noopener noreferrer\">die photographische Spurensicherung nach Automobilunf\u00e4llen empfohlen<\/a>.<\/p>\n<p>So stellte kurz darauf die Steyr AG zusammen mit Brecht den Unfall bei Fulda nach. In der Berliner Monatszeitschrift \u201eUhu\u201c erschien 1929 <a href=\"http:\/\/litterapur.de\/schrott\/brecht.htm\" target=\"_blank\" rel=\"noopener noreferrer\">ein Artikel mit Fotos \u00fcber den Fuldaer Crash<\/a>. Titel: \u201eRekonstruktion eines Auto-Unfalls des Dichters Brecht\u201c. Der Feind jedes Automobilisten sei, so hie\u00df es darin, der \u201ewilde Autofahrer\u201c, der an fast allen Unf\u00e4llen schuld sei &#8211; egal, ob er einen Hanomag, einen Opel oder einen Mercedes lenkt.<\/p>\n<p>Aus dem legend\u00e4ren \u201eUnfall bei Fulda\u201c wurde so nachtr\u00e4glich der erste Crash-Test der Geschichte; Brecht war der erste Dummy. Brecht verarbeitete das Ereignis auch literarisch: In <a href=\"https:\/\/books.google.de\/books?id=aON2DwAAQBAJ&amp;pg=PA255&amp;lpg=PA255&amp;dq=%22herr+k.+f%C3%A4hrt+auto%22&amp;source=bl&amp;ots=zPHXSW_oIG&amp;sig=ACfU3U1w062sc3fdzGZ6a_AKnJvzRwjBMA&amp;hl=de&amp;sa=X&amp;ved=2ahUKEwjl-vuN0oLlAhUSyaQKHbxQCPM4ChDoATAEegQICBAB#v=onepage&amp;q=%22herr%20k.%20f%C3%A4hrt%20auto%22&amp;f=false\" target=\"_blank\" rel=\"noopener noreferrer\">\u201eHerr K. f\u00e4hrt Auto\u201c<\/a> belehrt er uns dar\u00fcber, da\u00df man immer das vor einem fahrende Auto beobachten mu\u00df &#8211; mit diesem Lehrst\u00fcck wollte das heutige Geburtstagkind den siebten Sinn seiner Leser sch\u00e4rfen.<\/p>\n<p>F\u00fcr seine Mitarbeit bekam Brecht von der Firma Steyr wieder einen nagelneuen Sechszylinder.<\/p>\n<p>Mit dem verunfallte er nicht mehr &#8211; aber bei seiner Flucht 1933 mu\u00dfte er ihn schweren Herzens zur\u00fccklassen. Die Nazis r\u00fcckten ihn nicht mehr heraus. Im schwedischen Exil wechselte der Autonarr und fuhr fortan die Marke Ford.<\/p>\n<p>&nbsp;<\/p>\n<p><em><br \/>\nIch wurde damals, 1998, durch <a href=\"http:\/\/litterapur.de\/schrott\/schrott2.htm#53\" target=\"_blank\" rel=\"noopener noreferrer\">diesen Artikel<\/a> im noch jungen Internet auf die Brecht&#8217;sche Unfallfahrt aufmerksam. Ob diese Seite <a href=\"http:\/\/litterapur.de\/schrott\/default.htm\" target=\"_blank\" rel=\"noopener noreferrer\">http:\/\/litterapur.de\/schrott\/default.htm <\/a>sich seit 1996 noch einmal ge\u00e4ndert hat, weiss ich nicht &#8211; ich weiss auch nicht mehr, ob dies schon die damalige URL gewesen ist.<\/em><\/p>\n<p><em>Als einzige Stelle gegen\u00fcber meinem damaligen Beitrag habe ich &#8222;Schlie\u00dflich hatte August Bebel gesagt&#8220; ge\u00e4ndert zu: &#8222;Schlie\u00dflich soll August Bebel gesagt haben&#8220;.<\/em><\/p>\n<p><em>\u00dcbrigens hatte sich Dr. Franz Kafka neben seinem literarischen Schaffen auch bei der Arbeiterversicherungsanstalt generell f\u00fcr den Einsatz technischer Innovationen verwendet:<\/em><\/p>\n<p><em>&#8222;Was die Prager Delegation und auch Franz Kafka auf dem Kongress in Wien am meisten<\/em><br \/>\n<em>beeindruckte, das war der Einsatz von Filmen bei der Unfallverh\u00fctung-Propaganda.<\/em><br \/>\n<em>Kafka, den das neue Medium ohnehin schon fr\u00fcher faszinierte, betonte in seinem<\/em><br \/>\n<em>Jubil\u00e4umsbericht die erfolgreichen Verhandlungen mit zwei Produktionsfirmen, die ihre<\/em><br \/>\n<em>Filme der AUVA zur Verf\u00fcgung stellten. Diese beiden Filme wurden dann bei Vortr\u00e4gen<\/em><br \/>\n<em>\u00fcber Unfallverh\u00fctung gezeigt, die von der AUVA f\u00fcr gro\u00dfe Firmen und Betriebe organisiert wurden.\u00a0 Die Visualisierung im Bereich der Unfallsicherheit bedeutete einen gro\u00dfen Fortschritt&#8220;.<\/em> <em>(<\/em><a href=\"https:\/\/www.google.com\/url?sa=t&amp;rct=j&amp;q=&amp;esrc=s&amp;source=web&amp;cd=18&amp;cad=rja&amp;uact=8&amp;ved=2ahUKEwjyxPi214LlAhXO66QKHT3uA6QQFjARegQICBAC&amp;url=https%3A%2F%2Fis.cuni.cz%2Fwebapps%2Fzzp%2Fdownload%2F140003134&amp;usg=AOvVaw1NPna7V3kedXKThaH-C-L0\" target=\"_blank\" rel=\"noopener noreferrer\"><em>Tschechisch oder Deutsch? Auf dem Weg von Konkurrenz zu Dominanz. Zum Einsatz von innerer und \u00e4u\u00dferer Amtssprache in der Arbeiter-Unfall-Versicherungs-Anstalt im Prag der Kafka-Zeit (1908-1922)<\/em><\/a>, <em>S.94-95)<\/em><\/p>\n<div class=\"shariff shariff-align-left shariff-widget-align-left\" data-services=\"facebook\" data-url=\"https:\/\/blog.christoph-kaeppeler.de\/?page_id=1947\" data-timestamp=\"1570207713\" data-hidezero=\"1\" data-backendurl=\"?rest_route=\/shariff\/v1\/share_counts&\"><ul class=\"shariff-buttons theme-default orientation-horizontal buttonsize-medium\"><li class=\"shariff-button mastodon shariff-nocustomcolor\" style=\"background-color:#563ACC\"><a href=\"https:\/\/s2f.kytta.dev\/?text=Bertolt%20Brechts%20legend%C3%A4rer%20%E2%80%9EUnfall%20bei%20Fulda%E2%80%9C https%3A%2F%2Fblog.christoph-kaeppeler.de%2F%3Fpage_id%3D1947 via @CKaeppeler@social.cologne\" title=\"Bei Mastodon teilen\" aria-label=\"Bei Mastodon teilen\" role=\"button\" rel=\"noopener nofollow\" class=\"shariff-link\" style=\"; background-color:#6364FF; color:#fff\" target=\"_blank\"><span class=\"shariff-icon\" style=\"\"><svg width=\"75\" height=\"79\" viewBox=\"0 0 75 79\" fill=\"none\" xmlns=\"http:\/\/www.w3.org\/2000\/svg\"><path d=\"M37.813-.025C32.462-.058 27.114.13 21.79.598c-8.544.621-17.214 5.58-20.203 13.931C-1.12 23.318.408 32.622.465 41.65c.375 7.316.943 14.78 3.392 21.73 4.365 9.465 14.781 14.537 24.782 15.385 7.64.698 15.761-.213 22.517-4.026a54.1 54.1 0 0 0 .01-6.232c-6.855 1.316-14.101 2.609-21.049 1.074-3.883-.88-6.876-4.237-7.25-8.215-1.53-3.988 3.78-.43 5.584-.883 9.048 1.224 18.282.776 27.303-.462 7.044-.837 14.26-4.788 16.65-11.833 2.263-6.135 1.215-12.79 1.698-19.177.06-3.84.09-7.692-.262-11.52C72.596 7.844 63.223.981 53.834.684a219.453 219.453 0 0 0-16.022-.71zm11.294 12.882c5.5-.067 10.801 4.143 11.67 9.653.338 1.48.471 3 .471 4.515v21.088h-8.357c-.07-7.588.153-15.182-.131-22.765-.587-4.368-7.04-5.747-9.672-2.397-2.422 3.04-1.47 7.155-1.67 10.735v6.392h-8.307c-.146-4.996.359-10.045-.404-15.002-1.108-4.218-7.809-5.565-10.094-1.666-1.685 3.046-.712 6.634-.976 9.936v14.767h-8.354c.109-8.165-.238-16.344.215-24.5.674-5.346 5.095-10.389 10.676-10.627 4.902-.739 10.103 2.038 12.053 6.631.375 1.435 1.76 1.932 1.994.084 1.844-3.704 5.501-6.739 9.785-6.771.367-.044.735-.068 1.101-.073z\"\/><defs><linearGradient id=\"paint0_linear_549_34\" x1=\"37.0692\" y1=\"0\" x2=\"37.0692\" y2=\"79\" gradientUnits=\"userSpaceOnUse\"><stop stop-color=\"#6364FF\"\/><stop offset=\"1\" stop-color=\"#563ACC\"\/><\/linearGradient><\/defs><\/svg><\/span><span class=\"shariff-text\">teilen<\/span>&nbsp;<\/a><\/li><li class=\"shariff-button bluesky shariff-nocustomcolor\" style=\"background-color:#84c4ff\"><a href=\"https:\/\/bsky.app\/intent\/compose?text=Bertolt%20Brechts%20legend%C3%A4rer%20%E2%80%9EUnfall%20bei%20Fulda%E2%80%9C https%3A%2F%2Fblog.christoph-kaeppeler.de%2F%3Fpage_id%3D1947 \" title=\"Bei Bluesky teilen\" aria-label=\"Bei Bluesky teilen\" role=\"button\" rel=\"noopener nofollow\" class=\"shariff-link\" style=\"; background-color:#0085ff; color:#fff\" target=\"_blank\"><span class=\"shariff-icon\" style=\"\"><svg width=\"20\" height=\"20\" version=\"1.1\" xmlns=\"http:\/\/www.w3.org\/2000\/svg\" viewBox=\"0 0 20 20\"><path class=\"st0\" d=\"M4.89,3.12c2.07,1.55,4.3,4.71,5.11,6.4.82-1.69,3.04-4.84,5.11-6.4,1.49-1.12,3.91-1.99,3.91.77,0,.55-.32,4.63-.5,5.3-.64,2.3-2.99,2.89-5.08,2.54,3.65.62,4.58,2.68,2.57,4.74-3.81,3.91-5.48-.98-5.9-2.23-.08-.23-.11-.34-.12-.25,0-.09-.04.02-.12.25-.43,1.25-2.09,6.14-5.9,2.23-2.01-2.06-1.08-4.12,2.57-4.74-2.09.36-4.44-.23-5.08-2.54-.19-.66-.5-4.74-.5-5.3,0-2.76,2.42-1.89,3.91-.77h0Z\"\/><\/svg><\/span><span class=\"shariff-text\">teilen<\/span>&nbsp;<\/a><\/li><li class=\"shariff-button twitter shariff-nocustomcolor\" style=\"background-color:#595959\"><a href=\"https:\/\/twitter.com\/share?url=https%3A%2F%2Fblog.christoph-kaeppeler.de%2F%3Fpage_id%3D1947&text=Bertolt%20Brechts%20legend%C3%A4rer%20%E2%80%9EUnfall%20bei%20Fulda%E2%80%9C&via=CKaeppeler\" title=\"Bei X teilen\" aria-label=\"Bei X teilen\" role=\"button\" rel=\"noopener nofollow\" class=\"shariff-link\" style=\"; background-color:#000; color:#fff\" target=\"_blank\"><span class=\"shariff-icon\" style=\"\"><svg width=\"32px\" height=\"20px\" xmlns=\"http:\/\/www.w3.org\/2000\/svg\" viewBox=\"0 0 24 24\"><path fill=\"#000\" d=\"M14.258 10.152L23.176 0h-2.113l-7.747 8.813L7.133 0H0l9.352 13.328L0 23.973h2.113l8.176-9.309 6.531 9.309h7.133zm-2.895 3.293l-.949-1.328L2.875 1.56h3.246l6.086 8.523.945 1.328 7.91 11.078h-3.246zm0 0\"\/><\/svg><\/span><span class=\"shariff-text\">teilen<\/span>&nbsp;<\/a><\/li><li class=\"shariff-button facebook shariff-nocustomcolor\" style=\"background-color:#4273c8\"><a href=\"https:\/\/www.facebook.com\/sharer\/sharer.php?u=https%3A%2F%2Fblog.christoph-kaeppeler.de%2F%3Fpage_id%3D1947\" title=\"Bei Facebook teilen\" aria-label=\"Bei Facebook teilen\" role=\"button\" rel=\"nofollow\" class=\"shariff-link\" style=\"; background-color:#3b5998; color:#fff\" target=\"_blank\"><span class=\"shariff-icon\" style=\"\"><svg width=\"32px\" height=\"20px\" xmlns=\"http:\/\/www.w3.org\/2000\/svg\" viewBox=\"0 0 18 32\"><path fill=\"#3b5998\" d=\"M17.1 0.2v4.7h-2.8q-1.5 0-2.1 0.6t-0.5 1.9v3.4h5.2l-0.7 5.3h-4.5v13.6h-5.5v-13.6h-4.5v-5.3h4.5v-3.9q0-3.3 1.9-5.2t5-1.8q2.6 0 4.1 0.2z\"\/><\/svg><\/span><span class=\"shariff-text\">teilen<\/span>&nbsp;<span data-service=\"facebook\" style=\"color:#3b5998\" class=\"shariff-count shariff-hidezero\"><\/span>&nbsp;<\/a><\/li><li class=\"shariff-button whatsapp shariff-nocustomcolor\" style=\"background-color:#5cbe4a\"><a href=\"https:\/\/api.whatsapp.com\/send?text=https%3A%2F%2Fblog.christoph-kaeppeler.de%2F%3Fpage_id%3D1947%20Bertolt%20Brechts%20legend%C3%A4rer%20%E2%80%9EUnfall%20bei%20Fulda%E2%80%9C\" title=\"Bei Whatsapp teilen\" aria-label=\"Bei Whatsapp teilen\" role=\"button\" rel=\"noopener nofollow\" class=\"shariff-link\" style=\"; background-color:#34af23; color:#fff\" target=\"_blank\"><span class=\"shariff-icon\" style=\"\"><svg width=\"32px\" height=\"20px\" xmlns=\"http:\/\/www.w3.org\/2000\/svg\" viewBox=\"0 0 32 32\"><path fill=\"#34af23\" d=\"M17.6 17.4q0.2 0 1.7 0.8t1.6 0.9q0 0.1 0 0.3 0 0.6-0.3 1.4-0.3 0.7-1.3 1.2t-1.8 0.5q-1 0-3.4-1.1-1.7-0.8-3-2.1t-2.6-3.3q-1.3-1.9-1.3-3.5v-0.1q0.1-1.6 1.3-2.8 0.4-0.4 0.9-0.4 0.1 0 0.3 0t0.3 0q0.3 0 0.5 0.1t0.3 0.5q0.1 0.4 0.6 1.6t0.4 1.3q0 0.4-0.6 1t-0.6 0.8q0 0.1 0.1 0.3 0.6 1.3 1.8 2.4 1 0.9 2.7 1.8 0.2 0.1 0.4 0.1 0.3 0 1-0.9t0.9-0.9zM14 26.9q2.3 0 4.3-0.9t3.6-2.4 2.4-3.6 0.9-4.3-0.9-4.3-2.4-3.6-3.6-2.4-4.3-0.9-4.3 0.9-3.6 2.4-2.4 3.6-0.9 4.3q0 3.6 2.1 6.6l-1.4 4.2 4.3-1.4q2.8 1.9 6.2 1.9zM14 2.2q2.7 0 5.2 1.1t4.3 2.9 2.9 4.3 1.1 5.2-1.1 5.2-2.9 4.3-4.3 2.9-5.2 1.1q-3.5 0-6.5-1.7l-7.4 2.4 2.4-7.2q-1.9-3.2-1.9-6.9 0-2.7 1.1-5.2t2.9-4.3 4.3-2.9 5.2-1.1z\"\/><\/svg><\/span><span class=\"shariff-text\">teilen<\/span>&nbsp;<\/a><\/li><li class=\"shariff-button threema shariff-nocustomcolor shariff-mobile\" style=\"background-color:#4fbc24\"><a href=\"threema:\/\/compose?text=Bertolt%20Brechts%20legend%C3%A4rer%20%E2%80%9EUnfall%20bei%20Fulda%E2%80%9C%20https%3A%2F%2Fblog.christoph-kaeppeler.de%2F%3Fpage_id%3D1947\" title=\"Bei Threema teilen\" aria-label=\"Bei Threema teilen\" role=\"button\" rel=\"noopener nofollow\" class=\"shariff-link\" style=\"; background-color:#1f1f1f; color:#fff\" target=\"_blank\"><span class=\"shariff-icon\" style=\"\"><svg width=\"32px\" height=\"20px\" xmlns=\"http:\/\/www.w3.org\/2000\/svg\" viewBox=\"0 0 32 32\"><path fill=\"#1f1f1f\" d=\"M30.8 10.9c-0.3-1.4-0.9-2.6-1.8-3.8-2-2.6-5.5-4.5-9.4-5.2-1.3-0.2-1.9-0.3-3.5-0.3s-2.2 0-3.5 0.3c-4 0.7-7.4 2.6-9.4 5.2-0.9 1.2-1.5 2.4-1.8 3.8-0.1 0.5-0.2 1.2-0.2 1.6 0 0.4 0.1 1.1 0.2 1.6 0.4 1.9 1.3 3.4 2.9 5 0.8 0.8 0.8 0.8 0.7 1.3 0 0.6-0.5 1.6-1.7 3.6-0.3 0.5-0.5 0.9-0.5 0.9 0 0.1 0.1 0.1 0.5 0 0.8-0.2 2.3-0.6 5.6-1.6 1.1-0.3 1.3-0.4 2.3-0.4 0.8 0 1.1 0 2.3 0.2 1.5 0.2 3.5 0.2 4.9 0 5.1-0.6 9.3-2.9 11.4-6.3 0.5-0.9 0.9-1.8 1.1-2.8 0.1-0.5 0.2-1.1 0.2-1.6 0-0.7-0.1-1.1-0.2-1.6-0.3-1.4 0.1 0.5 0 0zM20.6 17.3c0 0.4-0.4 0.8-0.8 0.8h-7.7c-0.4 0-0.8-0.4-0.8-0.8v-4.6c0-0.4 0.4-0.8 0.8-0.8h0.2l0-1.6c0-0.9 0-1.8 0.1-2 0.1-0.6 0.6-1.2 1.1-1.7s1.1-0.7 1.9-0.8c1.8-0.3 3.7 0.7 4.2 2.2 0.1 0.3 0.1 0.7 0.1 2.1v0 1.7h0.1c0.4 0 0.8 0.4 0.8 0.8v4.6zM15.6 7.3c-0.5 0.1-0.8 0.3-1.2 0.6s-0.6 0.8-0.7 1.3c0 0.2 0 0.8 0 1.5l0 1.2h4.6v-1.3c0-1 0-1.4-0.1-1.6-0.3-1.1-1.5-1.9-2.6-1.7zM25.8 28.2c0 1.2-1 2.2-2.1 2.2s-2.1-1-2.1-2.1c0-1.2 1-2.1 2.2-2.1s2.2 1 2.2 2.2zM18.1 28.2c0 1.2-1 2.2-2.1 2.2s-2.1-1-2.1-2.1c0-1.2 1-2.1 2.2-2.1s2.2 1 2.2 2.2zM10.4 28.2c0 1.2-1 2.2-2.1 2.2s-2.1-1-2.1-2.1c0-1.2 1-2.1 2.2-2.1s2.2 1 2.2 2.2z\"\/><\/svg><\/span><span class=\"shariff-text\">teilen<\/span>&nbsp;<\/a><\/li><li class=\"shariff-button info shariff-nocustomcolor\" style=\"background-color:#eee\"><a href=\"http:\/\/ct.de\/-2467514\" title=\"Weitere Informationen\" aria-label=\"Weitere Informationen\" role=\"button\" rel=\"noopener \" class=\"shariff-link\" style=\"; background-color:#fff; color:#fff\" target=\"_blank\"><span class=\"shariff-icon\" style=\"\"><svg width=\"32px\" height=\"20px\" xmlns=\"http:\/\/www.w3.org\/2000\/svg\" viewBox=\"0 0 11 32\"><path fill=\"#999\" d=\"M11.4 24v2.3q0 0.5-0.3 0.8t-0.8 0.4h-9.1q-0.5 0-0.8-0.4t-0.4-0.8v-2.3q0-0.5 0.4-0.8t0.8-0.4h1.1v-6.8h-1.1q-0.5 0-0.8-0.4t-0.4-0.8v-2.3q0-0.5 0.4-0.8t0.8-0.4h6.8q0.5 0 0.8 0.4t0.4 0.8v10.3h1.1q0.5 0 0.8 0.4t0.3 0.8zM9.2 3.4v3.4q0 0.5-0.4 0.8t-0.8 0.4h-4.6q-0.4 0-0.8-0.4t-0.4-0.8v-3.4q0-0.4 0.4-0.8t0.8-0.4h4.6q0.5 0 0.8 0.4t0.4 0.8z\"\/><\/svg><\/span><\/a><\/li><li class=\"shariff-button mailto shariff-nocustomcolor\" style=\"background-color:#a8a8a8\"><a href=\"mailto:?body=https%3A%2F%2Fblog.christoph-kaeppeler.de%2F%3Fpage_id%3D1947&subject=Bertolt%20Brechts%20legend%C3%A4rer%20%E2%80%9EUnfall%20bei%20Fulda%E2%80%9C\" title=\"Per E-Mail versenden\" aria-label=\"Per E-Mail versenden\" role=\"button\" rel=\"noopener nofollow\" class=\"shariff-link\" style=\"; background-color:#999; color:#fff\"><span class=\"shariff-icon\" style=\"\"><svg width=\"32px\" height=\"20px\" xmlns=\"http:\/\/www.w3.org\/2000\/svg\" viewBox=\"0 0 32 32\"><path fill=\"#999\" d=\"M32 12.7v14.2q0 1.2-0.8 2t-2 0.9h-26.3q-1.2 0-2-0.9t-0.8-2v-14.2q0.8 0.9 1.8 1.6 6.5 4.4 8.9 6.1 1 0.8 1.6 1.2t1.7 0.9 2 0.4h0.1q0.9 0 2-0.4t1.7-0.9 1.6-1.2q3-2.2 8.9-6.1 1-0.7 1.8-1.6zM32 7.4q0 1.4-0.9 2.7t-2.2 2.2q-6.7 4.7-8.4 5.8-0.2 0.1-0.7 0.5t-1 0.7-0.9 0.6-1.1 0.5-0.9 0.2h-0.1q-0.4 0-0.9-0.2t-1.1-0.5-0.9-0.6-1-0.7-0.7-0.5q-1.6-1.1-4.7-3.2t-3.6-2.6q-1.1-0.7-2.1-2t-1-2.5q0-1.4 0.7-2.3t2.1-0.9h26.3q1.2 0 2 0.8t0.9 2z\"\/><\/svg><\/span><span class=\"shariff-text\">E-Mail<\/span>&nbsp;<\/a><\/li><\/ul><\/div>","protected":false},"excerpt":{"rendered":"<p>Radiobeitrag von Christoph K\u00e4ppeler am 10. Februar 1998 &#8222;Infolge der wohltuenden Wirkung auf die Nerven finden wir gerade unter den Gehirnarbeitern enthusiastische Anh\u00e4nger des Motorwagens.&#8220; Das war 1909 in Meyers Gro\u00dfem Konversations-Lexikon zu lesen. Und auch Bertolt Brecht, der heute vor 100 Jahren geboren wurde, war ein begeisterter Automobilist. Und deshalb darf man, gedenkt man&hellip;<a href=\"https:\/\/blog.christoph-kaeppeler.de\/?page_id=1947\">Weiterlesen <span class=\"screen-reader-text\">Bertolt Brechts legend\u00e4rer &#8222;Unfall bei Fulda&#8220;<\/span><\/a><\/p>\n","protected":false},"author":3,"featured_media":0,"parent":0,"menu_order":0,"comment_status":"closed","ping_status":"closed","template":"","meta":{"jetpack_post_was_ever_published":false,"footnotes":""},"class_list":["post-1947","page","type-page","status-publish","hentry"],"jetpack_sharing_enabled":true,"jetpack_shortlink":"https:\/\/wp.me\/PaPoVr-vp","jetpack-related-posts":[],"_links":{"self":[{"href":"https:\/\/blog.christoph-kaeppeler.de\/index.php?rest_route=\/wp\/v2\/pages\/1947","targetHints":{"allow":["GET"]}}],"collection":[{"href":"https:\/\/blog.christoph-kaeppeler.de\/index.php?rest_route=\/wp\/v2\/pages"}],"about":[{"href":"https:\/\/blog.christoph-kaeppeler.de\/index.php?rest_route=\/wp\/v2\/types\/page"}],"author":[{"embeddable":true,"href":"https:\/\/blog.christoph-kaeppeler.de\/index.php?rest_route=\/wp\/v2\/users\/3"}],"replies":[{"embeddable":true,"href":"https:\/\/blog.christoph-kaeppeler.de\/index.php?rest_route=%2Fwp%2Fv2%2Fcomments&post=1947"}],"version-history":[{"count":13,"href":"https:\/\/blog.christoph-kaeppeler.de\/index.php?rest_route=\/wp\/v2\/pages\/1947\/revisions"}],"predecessor-version":[{"id":1960,"href":"https:\/\/blog.christoph-kaeppeler.de\/index.php?rest_route=\/wp\/v2\/pages\/1947\/revisions\/1960"}],"wp:attachment":[{"href":"https:\/\/blog.christoph-kaeppeler.de\/index.php?rest_route=%2Fwp%2Fv2%2Fmedia&parent=1947"}],"curies":[{"name":"wp","href":"https:\/\/api.w.org\/{rel}","templated":true}]}}